{"id":16,"date":"2013-08-05T15:40:55","date_gmt":"2013-08-05T15:40:55","guid":{"rendered":"http:\/\/www.tennisclubsuceen.fr\/?page_id=16"},"modified":"2022-03-01T08:31:49","modified_gmt":"2022-03-01T07:31:49","slug":"le-mot-du-president","status":"publish","type":"page","link":"https:\/\/tennisclubsuceen.fr\/index.php\/le-club\/le-mot-du-president\/","title":{"rendered":"Le mot du bureau"},"content":{"rendered":"<p>Bienvenue sur le site Internet du Tennis Club Suc\u00e9en (TCS) !<\/p>\n<p>Le mois de septembre a marqu\u00e9 quelques changements pour notre club. Tout d&#8217;abord, nous disposons \u00e0 pr\u00e9sent d&#8217;un club-house tout neuf o\u00f9 chacun trouvera confort et chaleur pour patienter avant de jouer, suivre les matchs des co-\u00e9quipiers et\/ou amis, enfants ou encore boire le verre de l&#8217;amiti\u00e9 d&#8217;apr\u00e8s-match. Ce club-house financ\u00e9 par la municipalit\u00e9 a \u00e9t\u00e9 inaugur\u00e9 le 4 septembre lors du forum des associations.<\/p>\n<p>Ensuite, l&#8217;AG du 10 septembre a consacr\u00e9 la passation de t\u00e9moin entre l&#8217;ancienne et la nouvelle co-pr\u00e9sidence suite au vote des adh\u00e9rents du club. Que les anciens co-pr\u00e9sidents, ainsi que leur bureau, soient ici remerci\u00e9s pour leur travail tout au long de ces trois derni\u00e8res ann\u00e9es, notamment durant ces mois tr\u00e8s difficiles o\u00f9 la situation sanitaire a rendu la pratique du tennis si compliqu\u00e9e. C&#8217;est donc Olivier Robert et Beno\u00eet S\u00e9vi, tous deux Suc\u00e9ens, qui prennent la direction du club, aid\u00e9s pour cela par un bureau resserr\u00e9 [<em>mettre lien vers le nouvel organigramme<\/em>] qui sera en charge de la gestion courante via des commissions ad\u00e9quates (animation, logistique, communication, etc.).<\/p>\n<p>Enfin, le club s&#8217;est dot\u00e9 d&#8217;un enseignant-r\u00e9f\u00e9rent, Franck Grenier, nouvellement titulaire du Brevet d&#8217;Etat, et qui sera en charge de la coordination globale des activit\u00e9s au sein du club. Avec Jo\u00eblle et Ga\u00ebl, ils forment une \u00e9quipe p\u00e9dagogique exp\u00e9riment\u00e9e.<\/p>\n<p>Fort de cette nouvelle organisation et avec pr\u00e8s de 315 adh\u00e9rents pour cette ann\u00e9e 2021-2022, le TCS souhaite, au-del\u00e0 de la convivialit\u00e9 qui le caract\u00e9rise (et dont la r\u00e9putation n&#8217;est plus \u00e0 faire !), mettre l&#8217;accent sur deux aspects principaux pour les prochaines ann\u00e9es.<\/p>\n<p>En premier lieu, <strong>la formation<\/strong>. Qu&#8217;elle soit \u00e0 destination des jeunes ou des moins jeunes, la formation permet \u00e0 chacun de progresser pour prendre plaisir \u00e0 jouer. Ainsi, d\u00e8s cette ann\u00e9e, est mis en place un &#8220;centre d&#8217;entra\u00eenement&#8221; destin\u00e9 aux jeunes joueurs motiv\u00e9s et qui pourront disposer de cr\u00e9neaux d&#8217;entra\u00eenement sp\u00e9cifiques. Dans le m\u00eame esprit, le nombre de semaines d&#8217;entra\u00eenement est pass\u00e9 de 26 \u00e0 28 pour se rapprocher des standards r\u00e9gionaux et offrir \u00e0 tous l&#8217;opportunit\u00e9 de progresser encore un peu plus. Au travers d&#8217;\u00e9changes r\u00e9guliers entre les enseignants, c&#8217;est la strat\u00e9gie globale de la formation au sein du club qui est r\u00e9guli\u00e8rement d\u00e9battue afin de proposer \u00e0 chacun une trajectoire d\u2019\u00e9volution adapt\u00e9e.<\/p>\n<p>En second lieu, <strong>le service rendu aux adh\u00e9rents<\/strong>. Si le recrutement d&#8217;un enseignant-r\u00e9f\u00e9rent doit participer \u00e0 am\u00e9liorer la qualit\u00e9 de service, c&#8217;est l&#8217;ensemble du bureau et de l&#8217;\u00e9quipe enseignante qui se mobilisent pour permettre \u00e0 chacun de disposer d&#8217;une information claire et disponible bien en amont des \u00e9v\u00e8nements et animations propos\u00e9s, acc\u00e9der facilement aux infrastructures, obtenir des renseignements sur les plannings de cours et modalit\u00e9s d&#8217;adh\u00e9sion.<\/p>\n<p>Vous l&#8217;aurez compris, nous souhaitons continuer \u00e0 faire du TCS un lieu de convivialit\u00e9 o\u00f9 chacun puisse s&#8217;\u00e9panouir sportivement. Alors, pour toute question, n&#8217;h\u00e9sitez pas \u00e0 nous contacter \u00e0 notre nouvelle adresse <a href=\"mailto:contact.tennisclubsuceen@gmail.com\">contact.tennisclubsuceen@gmail.com<\/a><\/p>\n<p>Bien sportivement \u2013 Le bureau du TCS<\/p>\n","protected":false},"excerpt":{"rendered":"<p>Bienvenue sur le site Internet du Tennis Club Suc\u00e9en (TCS) ! Le mois de septembre a marqu\u00e9 quelques changements pour notre club. Tout d&#8217;abord, nous disposons \u00e0 pr\u00e9sent d&#8217;un club-house tout neuf o\u00f9 chacun trouvera confort et chaleur pour patienter avant de jouer, suivre les matchs des co-\u00e9quipiers et\/ou amis, enfants ou encore boire le [&hellip;]<\/p>\n","protected":false},"author":1,"featured_media":0,"parent":7,"menu_order":1,"comment_status":"closed","ping_status":"open","template":"","meta":[],"_links":{"self":[{"href":"https:\/\/tennisclubsuceen.fr\/index.php\/wp-json\/wp\/v2\/pages\/16"}],"collection":[{"href":"https:\/\/tennisclubsuceen.fr\/index.php\/wp-json\/wp\/v2\/pages"}],"about":[{"href":"https:\/\/tennisclubsuceen.fr\/index.php\/wp-json\/wp\/v2\/types\/page"}],"author":[{"embeddable":true,"href":"https:\/\/tennisclubsuceen.fr\/index.php\/wp-json\/wp\/v2\/users\/1"}],"replies":[{"embeddable":true,"href":"https:\/\/tennisclubsuceen.fr\/index.php\/wp-json\/wp\/v2\/comments?post=16"}],"version-history":[{"count":4,"href":"https:\/\/tennisclubsuceen.fr\/index.php\/wp-json\/wp\/v2\/pages\/16\/revisions"}],"predecessor-version":[{"id":2912,"href":"https:\/\/tennisclubsuceen.fr\/index.php\/wp-json\/wp\/v2\/pages\/16\/revisions\/2912"}],"up":[{"embeddable":true,"href":"https:\/\/tennisclubsuceen.fr\/index.php\/wp-json\/wp\/v2\/pages\/7"}],"wp:attachment":[{"href":"https:\/\/tennisclubsuceen.fr\/index.php\/wp-json\/wp\/v2\/media?parent=16"}],"curies":[{"name":"wp","href":"https:\/\/api.w.org\/{rel}","templated":true}]}}