{"id":20,"date":"2013-08-05T15:50:22","date_gmt":"2013-08-05T15:50:22","guid":{"rendered":"http:\/\/www.tennisclubsuceen.fr\/?page_id=20"},"modified":"2022-03-01T09:00:57","modified_gmt":"2022-03-01T08:00:57","slug":"lequipe-pedagogique","status":"publish","type":"page","link":"https:\/\/tennisclubsuceen.fr\/index.php\/le-club\/lequipe-pedagogique\/","title":{"rendered":"L&#8217;\u00e9quipe p\u00e9dagogique"},"content":{"rendered":"<h3 style=\"text-align: center;\">Franck<\/h3>\n<p style=\"text-align: center;\"><img loading=\"lazy\" class=\"size-medium wp-image-2511 aligncenter\" src=\"http:\/\/tennisclubsuceen.fr\/wp-content\/uploads\/2019\/11\/Franck-203x300.png\" alt=\"\" width=\"203\" height=\"300\" srcset=\"https:\/\/tennisclubsuceen.fr\/wp-content\/uploads\/2019\/11\/Franck-203x300.png 203w, https:\/\/tennisclubsuceen.fr\/wp-content\/uploads\/2019\/11\/Franck.png 214w\" sizes=\"(max-width: 203px) 100vw, 203px\" \/><\/p>\n<p style=\"text-align: center;\">D.E r\u00e9f\u00e9rent du club<\/p>\n<h3 style=\"text-align: center;\">Joelle<\/h3>\n<p style=\"text-align: center;\"><img loading=\"lazy\" class=\" wp-image-2377 aligncenter\" src=\"http:\/\/tennisclubsuceen.fr\/wp-content\/uploads\/2019\/05\/Photo_Joelle-300x300.png\" alt=\"\" width=\"301\" height=\"300\" \/><\/p>\n<p style=\"text-align: center;\">Titulaire du Brevet d&#8217;Etat<\/p>\n<h3 style=\"text-align: center;\">Ga\u00ebl<\/h3>\n<p style=\"text-align: center;\"><img loading=\"lazy\" class=\" wp-image-2627 aligncenter\" src=\"http:\/\/tennisclubsuceen.fr\/wp-content\/uploads\/2020\/06\/photo_gael_2020-1021x1024.png\" alt=\"\" width=\"301\" height=\"302\" srcset=\"https:\/\/tennisclubsuceen.fr\/wp-content\/uploads\/2020\/06\/photo_gael_2020-1021x1024.png 1021w, https:\/\/tennisclubsuceen.fr\/wp-content\/uploads\/2020\/06\/photo_gael_2020-150x150.png 150w, https:\/\/tennisclubsuceen.fr\/wp-content\/uploads\/2020\/06\/photo_gael_2020-300x300.png 300w, https:\/\/tennisclubsuceen.fr\/wp-content\/uploads\/2020\/06\/photo_gael_2020-768x770.png 768w, https:\/\/tennisclubsuceen.fr\/wp-content\/uploads\/2020\/06\/photo_gael_2020-400x400.png 400w, https:\/\/tennisclubsuceen.fr\/wp-content\/uploads\/2020\/06\/photo_gael_2020-500x500.png 500w, https:\/\/tennisclubsuceen.fr\/wp-content\/uploads\/2020\/06\/photo_gael_2020-600x600.png 600w, https:\/\/tennisclubsuceen.fr\/wp-content\/uploads\/2020\/06\/photo_gael_2020-700x700.png 700w, https:\/\/tennisclubsuceen.fr\/wp-content\/uploads\/2020\/06\/photo_gael_2020.png 1193w\" sizes=\"(max-width: 301px) 100vw, 301px\" \/><\/p>\n<p style=\"text-align: center;\">Titulaire du Brevet d&#8217;Etat<\/p>\n","protected":false},"excerpt":{"rendered":"<p>Franck D.E r\u00e9f\u00e9rent du club Joelle Titulaire du Brevet d&#8217;Etat Ga\u00ebl Titulaire du Brevet d&#8217;Etat<\/p>\n","protected":false},"author":1,"featured_media":0,"parent":7,"menu_order":3,"comment_status":"closed","ping_status":"open","template":"","meta":[],"_links":{"self":[{"href":"https:\/\/tennisclubsuceen.fr\/index.php\/wp-json\/wp\/v2\/pages\/20"}],"collection":[{"href":"https:\/\/tennisclubsuceen.fr\/index.php\/wp-json\/wp\/v2\/pages"}],"about":[{"href":"https:\/\/tennisclubsuceen.fr\/index.php\/wp-json\/wp\/v2\/types\/page"}],"author":[{"embeddable":true,"href":"https:\/\/tennisclubsuceen.fr\/index.php\/wp-json\/wp\/v2\/users\/1"}],"replies":[{"embeddable":true,"href":"https:\/\/tennisclubsuceen.fr\/index.php\/wp-json\/wp\/v2\/comments?post=20"}],"version-history":[{"count":5,"href":"https:\/\/tennisclubsuceen.fr\/index.php\/wp-json\/wp\/v2\/pages\/20\/revisions"}],"predecessor-version":[{"id":2919,"href":"https:\/\/tennisclubsuceen.fr\/index.php\/wp-json\/wp\/v2\/pages\/20\/revisions\/2919"}],"up":[{"embeddable":true,"href":"https:\/\/tennisclubsuceen.fr\/index.php\/wp-json\/wp\/v2\/pages\/7"}],"wp:attachment":[{"href":"https:\/\/tennisclubsuceen.fr\/index.php\/wp-json\/wp\/v2\/media?parent=20"}],"curies":[{"name":"wp","href":"https:\/\/api.w.org\/{rel}","templated":true}]}}