{"id":2316,"date":"2019-05-05T15:32:55","date_gmt":"2019-05-05T13:32:55","guid":{"rendered":"http:\/\/tennisclubsuceen.fr\/?page_id=2316"},"modified":"2022-02-22T12:51:24","modified_gmt":"2022-02-22T11:51:24","slug":"mecenat","status":"publish","type":"page","link":"https:\/\/tennisclubsuceen.fr\/index.php\/le-club\/mecenat\/","title":{"rendered":"M\u00e9c\u00e9nat"},"content":{"rendered":"<div><b>Don par un particulier ou m\u00e9c\u00e9nat d&#8217;entreprise\u00a0<\/b><\/div>\n<div>Notre association est habilit\u00e9e \u00e0 remettre \u00e0 ses g\u00e9n\u00e9reux donateurs un re\u00e7u fiscal, lui permettant de b\u00e9n\u00e9ficier d&#8217;une r\u00e9duction d&#8217;imp\u00f4t de 66% du montant du don, dans la limite de 20% de son revenu imposable.<\/div>\n<div>Les versements effectu\u00e9s par une entreprise peuvent \u00e9galement faire l&#8217;objet d&#8217;une r\u00e9duction d&#8217;imp\u00f4t, pour un montant de 60% du don\u00a0 et dans la limite de 5 pour mille du chiffre d&#8217;affaire de l&#8217;entreprise.<\/div>\n<div><\/div>\n<div>Dans tous les cas, ce don ne doit pas faire l&#8217;objet d&#8217;une contrepartie.<\/div>\n<div><\/div>\n<div>Contact au sein du club : Bernard MONNET \u00e0 l&#8217;adresse mail\u00a0<a href=\"mailto:b.m-tennis@orange.fr\" target=\"_blank\" rel=\"nofollow noopener\">b.m-tennis@orange.fr<\/a><\/div>\n<p><\/br><\/p>\n<div><strong>Un exemple de projet soutenu par le club:\u00a0<\/strong><\/div>\n<ul>\n<li>Le r\u00eave de Benjamin MARTIN: devenir joueur de tennis professionnel !<\/li>\n<\/ul>\n<div><div class=\"ead-preview\"><div class=\"ead-document\" style=\"position: relative;padding-top: 90%;\"><iframe src=\"\/\/view.officeapps.live.com\/op\/embed.aspx?src=http%3A%2F%2Ftennisclubsuceen.fr%2Fwp-content%2Fuploads%2F2019%2F10%2FBenjamin_Martin_2019.pptx\" title=\"Document embarqu\u00e9\" class=\"ead-iframe\" style=\"width: 100%;height: 100%;border: none;position: absolute;left: 0;top: 0;\"><\/iframe><\/div><p class=\"embed_download\"><a href=\"http:\/\/tennisclubsuceen.fr\/wp-content\/uploads\/2019\/10\/Benjamin_Martin_2019.pptx\" download >T\u00e9l\u00e9charger <\/a><\/p><\/div><\/div>\n<div>Pour retrouver les derni\u00e8res actualit\u00e9s de Benjamin sur sa page Facebook\u00a0<a href=\"https:\/\/www.facebook.com\/benjmartin44\">c&#8217;est par ici<\/a><\/div>\n","protected":false},"excerpt":{"rendered":"<p>Don par un particulier ou m\u00e9c\u00e9nat d&#8217;entreprise\u00a0 Notre association est habilit\u00e9e \u00e0 remettre \u00e0 ses g\u00e9n\u00e9reux donateurs un re\u00e7u fiscal, lui permettant de b\u00e9n\u00e9ficier d&#8217;une r\u00e9duction d&#8217;imp\u00f4t de 66% du montant du don, dans la limite de 20% de son revenu imposable. Les versements effectu\u00e9s par une entreprise peuvent \u00e9galement faire l&#8217;objet d&#8217;une r\u00e9duction d&#8217;imp\u00f4t, [&hellip;]<\/p>\n","protected":false},"author":1,"featured_media":0,"parent":7,"menu_order":0,"comment_status":"closed","ping_status":"closed","template":"","meta":[],"_links":{"self":[{"href":"https:\/\/tennisclubsuceen.fr\/index.php\/wp-json\/wp\/v2\/pages\/2316"}],"collection":[{"href":"https:\/\/tennisclubsuceen.fr\/index.php\/wp-json\/wp\/v2\/pages"}],"about":[{"href":"https:\/\/tennisclubsuceen.fr\/index.php\/wp-json\/wp\/v2\/types\/page"}],"author":[{"embeddable":true,"href":"https:\/\/tennisclubsuceen.fr\/index.php\/wp-json\/wp\/v2\/users\/1"}],"replies":[{"embeddable":true,"href":"https:\/\/tennisclubsuceen.fr\/index.php\/wp-json\/wp\/v2\/comments?post=2316"}],"version-history":[{"count":5,"href":"https:\/\/tennisclubsuceen.fr\/index.php\/wp-json\/wp\/v2\/pages\/2316\/revisions"}],"predecessor-version":[{"id":2491,"href":"https:\/\/tennisclubsuceen.fr\/index.php\/wp-json\/wp\/v2\/pages\/2316\/revisions\/2491"}],"up":[{"embeddable":true,"href":"https:\/\/tennisclubsuceen.fr\/index.php\/wp-json\/wp\/v2\/pages\/7"}],"wp:attachment":[{"href":"https:\/\/tennisclubsuceen.fr\/index.php\/wp-json\/wp\/v2\/media?parent=2316"}],"curies":[{"name":"wp","href":"https:\/\/api.w.org\/{rel}","templated":true}]}}