{"id":2588,"date":"2020-05-31T14:05:19","date_gmt":"2020-05-31T12:05:19","guid":{"rendered":"http:\/\/tennisclubsuceen.fr\/?page_id=2588"},"modified":"2022-02-22T12:51:24","modified_gmt":"2022-02-22T11:51:24","slug":"les-installations","status":"publish","type":"page","link":"https:\/\/tennisclubsuceen.fr\/index.php\/le-club\/les-installations\/","title":{"rendered":"Les installations"},"content":{"rendered":"<p><img loading=\"lazy\" class=\"size-large wp-image-2591 aligncenter\" src=\"http:\/\/tennisclubsuceen.fr\/wp-content\/uploads\/2020\/05\/terre_battue_vue_exterieur-1024x576.jpg\" alt=\"\" width=\"1024\" height=\"576\" srcset=\"https:\/\/tennisclubsuceen.fr\/wp-content\/uploads\/2020\/05\/terre_battue_vue_exterieur-1024x576.jpg 1024w, https:\/\/tennisclubsuceen.fr\/wp-content\/uploads\/2020\/05\/terre_battue_vue_exterieur-300x169.jpg 300w, https:\/\/tennisclubsuceen.fr\/wp-content\/uploads\/2020\/05\/terre_battue_vue_exterieur-768x432.jpg 768w, https:\/\/tennisclubsuceen.fr\/wp-content\/uploads\/2020\/05\/terre_battue_vue_exterieur.jpg 1280w\" sizes=\"(max-width: 1024px) 100vw, 1024px\" \/><\/p>\n<ul>\n<li><strong>Vue a\u00e9rienne<\/strong><\/li>\n<\/ul>\n<div style=\"width: 1200px;\" class=\"wp-video\"><!--[if lt IE 9]><script>document.createElement('video');<\/script><![endif]-->\n<video class=\"wp-video-shortcode\" id=\"video-2588-1\" width=\"1200\" height=\"675\" preload=\"metadata\" controls=\"controls\"><source type=\"video\/mp4\" src=\"http:\/\/tennisclubsuceen.fr\/wp-content\/uploads\/2021\/04\/infra_avril_21-1.mp4?_=1\" \/><a href=\"http:\/\/tennisclubsuceen.fr\/wp-content\/uploads\/2021\/04\/infra_avril_21-1.mp4\">http:\/\/tennisclubsuceen.fr\/wp-content\/uploads\/2021\/04\/infra_avril_21-1.mp4<\/a><\/video><\/div>\n<ul>\n<li>\n<h4>2 Courts ext\u00e9rieurs<\/h4>\n<\/li>\n<\/ul>\n<p><img loading=\"lazy\" class=\"size-large wp-image-2589 aligncenter\" src=\"http:\/\/tennisclubsuceen.fr\/wp-content\/uploads\/2020\/05\/courts_exterieurs_2-1024x768.jpg\" alt=\"\" width=\"1024\" height=\"768\" srcset=\"https:\/\/tennisclubsuceen.fr\/wp-content\/uploads\/2020\/05\/courts_exterieurs_2-1024x768.jpg 1024w, https:\/\/tennisclubsuceen.fr\/wp-content\/uploads\/2020\/05\/courts_exterieurs_2-300x225.jpg 300w, https:\/\/tennisclubsuceen.fr\/wp-content\/uploads\/2020\/05\/courts_exterieurs_2-768x576.jpg 768w, https:\/\/tennisclubsuceen.fr\/wp-content\/uploads\/2020\/05\/courts_exterieurs_2-400x300.jpg 400w, https:\/\/tennisclubsuceen.fr\/wp-content\/uploads\/2020\/05\/courts_exterieurs_2.jpg 1600w\" sizes=\"(max-width: 1024px) 100vw, 1024px\" \/><\/p>\n<p><img loading=\"lazy\" class=\"size-large wp-image-2593 aligncenter\" src=\"http:\/\/tennisclubsuceen.fr\/wp-content\/uploads\/2020\/05\/courts_exterieurs-1024x576.jpg\" alt=\"\" width=\"1024\" height=\"576\" srcset=\"https:\/\/tennisclubsuceen.fr\/wp-content\/uploads\/2020\/05\/courts_exterieurs-1024x576.jpg 1024w, https:\/\/tennisclubsuceen.fr\/wp-content\/uploads\/2020\/05\/courts_exterieurs-300x169.jpg 300w, https:\/\/tennisclubsuceen.fr\/wp-content\/uploads\/2020\/05\/courts_exterieurs-768x432.jpg 768w, https:\/\/tennisclubsuceen.fr\/wp-content\/uploads\/2020\/05\/courts_exterieurs.jpg 1280w\" sizes=\"(max-width: 1024px) 100vw, 1024px\" \/><\/p>\n<ul>\n<li>\n<h4>1 Terre battue synth\u00e9tique couverte<\/h4>\n<\/li>\n<\/ul>\n<p><img loading=\"lazy\" class=\"size-large wp-image-2590 aligncenter\" src=\"http:\/\/tennisclubsuceen.fr\/wp-content\/uploads\/2020\/05\/terre_battue-1024x576.jpg\" alt=\"\" width=\"1024\" height=\"576\" srcset=\"https:\/\/tennisclubsuceen.fr\/wp-content\/uploads\/2020\/05\/terre_battue-1024x576.jpg 1024w, https:\/\/tennisclubsuceen.fr\/wp-content\/uploads\/2020\/05\/terre_battue-300x169.jpg 300w, https:\/\/tennisclubsuceen.fr\/wp-content\/uploads\/2020\/05\/terre_battue-768x432.jpg 768w, https:\/\/tennisclubsuceen.fr\/wp-content\/uploads\/2020\/05\/terre_battue.jpg 1280w\" sizes=\"(max-width: 1024px) 100vw, 1024px\" \/><\/p>\n<p><img loading=\"lazy\" class=\"size-large wp-image-2592 aligncenter\" src=\"http:\/\/tennisclubsuceen.fr\/wp-content\/uploads\/2020\/05\/terre_battue_2-1024x768.jpg\" alt=\"\" width=\"1024\" height=\"768\" srcset=\"https:\/\/tennisclubsuceen.fr\/wp-content\/uploads\/2020\/05\/terre_battue_2-1024x768.jpg 1024w, https:\/\/tennisclubsuceen.fr\/wp-content\/uploads\/2020\/05\/terre_battue_2-300x225.jpg 300w, https:\/\/tennisclubsuceen.fr\/wp-content\/uploads\/2020\/05\/terre_battue_2-768x576.jpg 768w, https:\/\/tennisclubsuceen.fr\/wp-content\/uploads\/2020\/05\/terre_battue_2-400x300.jpg 400w, https:\/\/tennisclubsuceen.fr\/wp-content\/uploads\/2020\/05\/terre_battue_2.jpg 1600w\" sizes=\"(max-width: 1024px) 100vw, 1024px\" \/><\/p>\n<ul>\n<li>\n<h4>2 Courts couverts en dur<\/h4>\n<\/li>\n<\/ul>\n<p><img loading=\"lazy\" class=\"wp-image-2651 size-large\" src=\"http:\/\/tennisclubsuceen.fr\/wp-content\/uploads\/2020\/06\/court_int\u00e9rieur_1-1024x768.jpg\" alt=\"\" width=\"1024\" height=\"768\" srcset=\"https:\/\/tennisclubsuceen.fr\/wp-content\/uploads\/2020\/06\/court_int\u00e9rieur_1-1024x768.jpg 1024w, https:\/\/tennisclubsuceen.fr\/wp-content\/uploads\/2020\/06\/court_int\u00e9rieur_1-300x225.jpg 300w, https:\/\/tennisclubsuceen.fr\/wp-content\/uploads\/2020\/06\/court_int\u00e9rieur_1-768x576.jpg 768w, https:\/\/tennisclubsuceen.fr\/wp-content\/uploads\/2020\/06\/court_int\u00e9rieur_1-400x300.jpg 400w, https:\/\/tennisclubsuceen.fr\/wp-content\/uploads\/2020\/06\/court_int\u00e9rieur_1.jpg 1600w\" sizes=\"(max-width: 1024px) 100vw, 1024px\" \/><\/p>\n<p><img loading=\"lazy\" class=\"aligncenter wp-image-2652 size-large\" src=\"http:\/\/tennisclubsuceen.fr\/wp-content\/uploads\/2020\/06\/court_technifibre_2-1024x768.jpg\" alt=\"\" width=\"1024\" height=\"768\" srcset=\"https:\/\/tennisclubsuceen.fr\/wp-content\/uploads\/2020\/06\/court_technifibre_2-1024x768.jpg 1024w, https:\/\/tennisclubsuceen.fr\/wp-content\/uploads\/2020\/06\/court_technifibre_2-300x225.jpg 300w, https:\/\/tennisclubsuceen.fr\/wp-content\/uploads\/2020\/06\/court_technifibre_2-768x576.jpg 768w, https:\/\/tennisclubsuceen.fr\/wp-content\/uploads\/2020\/06\/court_technifibre_2-400x300.jpg 400w, https:\/\/tennisclubsuceen.fr\/wp-content\/uploads\/2020\/06\/court_technifibre_2.jpg 1600w\" sizes=\"(max-width: 1024px) 100vw, 1024px\" \/><\/p>\n<p><img loading=\"lazy\" class=\"wp-image-2653 size-large aligncenter\" src=\"http:\/\/tennisclubsuceen.fr\/wp-content\/uploads\/2020\/06\/courts_int\u00e9rieurs-1024x768.jpg\" alt=\"\" width=\"1024\" height=\"768\" srcset=\"https:\/\/tennisclubsuceen.fr\/wp-content\/uploads\/2020\/06\/courts_int\u00e9rieurs-1024x768.jpg 1024w, https:\/\/tennisclubsuceen.fr\/wp-content\/uploads\/2020\/06\/courts_int\u00e9rieurs-300x225.jpg 300w, https:\/\/tennisclubsuceen.fr\/wp-content\/uploads\/2020\/06\/courts_int\u00e9rieurs-768x576.jpg 768w, https:\/\/tennisclubsuceen.fr\/wp-content\/uploads\/2020\/06\/courts_int\u00e9rieurs-400x300.jpg 400w, https:\/\/tennisclubsuceen.fr\/wp-content\/uploads\/2020\/06\/courts_int\u00e9rieurs.jpg 1600w\" sizes=\"(max-width: 1024px) 100vw, 1024px\" \/><\/p>\n","protected":false},"excerpt":{"rendered":"<p>Vue a\u00e9rienne 2 Courts ext\u00e9rieurs 1 Terre battue synth\u00e9tique couverte 2 Courts couverts en dur<\/p>\n","protected":false},"author":1,"featured_media":0,"parent":7,"menu_order":0,"comment_status":"closed","ping_status":"closed","template":"","meta":[],"_links":{"self":[{"href":"https:\/\/tennisclubsuceen.fr\/index.php\/wp-json\/wp\/v2\/pages\/2588"}],"collection":[{"href":"https:\/\/tennisclubsuceen.fr\/index.php\/wp-json\/wp\/v2\/pages"}],"about":[{"href":"https:\/\/tennisclubsuceen.fr\/index.php\/wp-json\/wp\/v2\/types\/page"}],"author":[{"embeddable":true,"href":"https:\/\/tennisclubsuceen.fr\/index.php\/wp-json\/wp\/v2\/users\/1"}],"replies":[{"embeddable":true,"href":"https:\/\/tennisclubsuceen.fr\/index.php\/wp-json\/wp\/v2\/comments?post=2588"}],"version-history":[{"count":7,"href":"https:\/\/tennisclubsuceen.fr\/index.php\/wp-json\/wp\/v2\/pages\/2588\/revisions"}],"predecessor-version":[{"id":2791,"href":"https:\/\/tennisclubsuceen.fr\/index.php\/wp-json\/wp\/v2\/pages\/2588\/revisions\/2791"}],"up":[{"embeddable":true,"href":"https:\/\/tennisclubsuceen.fr\/index.php\/wp-json\/wp\/v2\/pages\/7"}],"wp:attachment":[{"href":"https:\/\/tennisclubsuceen.fr\/index.php\/wp-json\/wp\/v2\/media?parent=2588"}],"curies":[{"name":"wp","href":"https:\/\/api.w.org\/{rel}","templated":true}]}}