{"id":26,"date":"2013-08-05T15:54:49","date_gmt":"2013-08-05T15:54:49","guid":{"rendered":"http:\/\/www.tennisclubsuceen.fr\/?page_id=26"},"modified":"2022-02-22T12:51:24","modified_gmt":"2022-02-22T11:51:24","slug":"comment-venir","status":"publish","type":"page","link":"https:\/\/tennisclubsuceen.fr\/index.php\/le-club\/comment-venir\/","title":{"rendered":"Comment venir ?"},"content":{"rendered":"<fieldset style=\"width: 200px; background-color: #e6e6ff; padding: 15px; margin-left: auto; margin-right: auto;\">\n<legend style=\"text-align: center;\">\n<\/legend>\n<p style=\"text-align: center;\">Tennis Club Suc\u00e9en<br \/>\nComplexe sportif de la Papini\u00e8re<br \/>\n44240 Suc\u00e9 sur Erdre<\/p>\n<\/fieldset>\n<p><iframe loading=\"lazy\" src=\"http:\/\/maps.google.fr\/maps?f=q&amp;source=embed&amp;hl=fr&amp;geocode=&amp;q=La+Papini%C3%A8re,+44240+Suc%C3%A9-sur-Erdre&amp;sll=46.75984,1.738281&amp;sspn=9.5593,23.225098&amp;ie=UTF8&amp;hq=&amp;hnear=La+Papini%C3%A8re,+44240+Suc%C3%A9-sur-Erdre,+Loire-Atlantique,+Pays+de+la+Loire&amp;ll=47.328813,-1.522583&amp;spn=0.077024,0.181789&amp;z=13&amp;output=embed\" width=\"1100\" height=\"600\" frameborder=\"0\" marginwidth=\"auto\" marginheight=\"auto\" scrolling=\"no\"><\/iframe><\/p>\n","protected":false},"excerpt":{"rendered":"<p>Tennis Club Suc\u00e9en Complexe sportif de la Papini\u00e8re 44240 Suc\u00e9 sur Erdre<\/p>\n","protected":false},"author":1,"featured_media":0,"parent":7,"menu_order":6,"comment_status":"closed","ping_status":"open","template":"","meta":[],"_links":{"self":[{"href":"https:\/\/tennisclubsuceen.fr\/index.php\/wp-json\/wp\/v2\/pages\/26"}],"collection":[{"href":"https:\/\/tennisclubsuceen.fr\/index.php\/wp-json\/wp\/v2\/pages"}],"about":[{"href":"https:\/\/tennisclubsuceen.fr\/index.php\/wp-json\/wp\/v2\/types\/page"}],"author":[{"embeddable":true,"href":"https:\/\/tennisclubsuceen.fr\/index.php\/wp-json\/wp\/v2\/users\/1"}],"replies":[{"embeddable":true,"href":"https:\/\/tennisclubsuceen.fr\/index.php\/wp-json\/wp\/v2\/comments?post=26"}],"version-history":[{"count":1,"href":"https:\/\/tennisclubsuceen.fr\/index.php\/wp-json\/wp\/v2\/pages\/26\/revisions"}],"predecessor-version":[{"id":2006,"href":"https:\/\/tennisclubsuceen.fr\/index.php\/wp-json\/wp\/v2\/pages\/26\/revisions\/2006"}],"up":[{"embeddable":true,"href":"https:\/\/tennisclubsuceen.fr\/index.php\/wp-json\/wp\/v2\/pages\/7"}],"wp:attachment":[{"href":"https:\/\/tennisclubsuceen.fr\/index.php\/wp-json\/wp\/v2\/media?parent=26"}],"curies":[{"name":"wp","href":"https:\/\/api.w.org\/{rel}","templated":true}]}}