{"id":2981,"date":"2022-11-22T18:14:09","date_gmt":"2022-11-22T17:14:09","guid":{"rendered":"https:\/\/tennisclubsuceen.fr\/?page_id=2981"},"modified":"2022-11-22T18:15:09","modified_gmt":"2022-11-22T17:15:09","slug":"formulaire-de-decharge-parentale","status":"publish","type":"page","link":"https:\/\/tennisclubsuceen.fr\/index.php\/saison-20212022\/formulaire-de-decharge-parentale\/","title":{"rendered":"Formulaire de d\u00e9charge parentale"},"content":{"rendered":"\n<p><strong>T\u00e9l\u00e9chargez le formulaire de d\u00e9charge parentale ci-dessous : <\/strong><\/p>\n\n\n\n<ul><li><a href=\"http:\/\/tennisclubsuceen.fr\/wp-content\/uploads\/2022\/11\/DECHARGE-PARENTALE-TENNIS.pdf\">Formulaire de d\u00e9charge parentale<\/a><\/li><\/ul>\n","protected":false},"excerpt":{"rendered":"<p>T\u00e9l\u00e9chargez le formulaire de d\u00e9charge parentale ci-dessous : Formulaire de d\u00e9charge parentale<\/p>\n","protected":false},"author":1,"featured_media":0,"parent":9,"menu_order":0,"comment_status":"closed","ping_status":"closed","template":"","meta":[],"_links":{"self":[{"href":"https:\/\/tennisclubsuceen.fr\/index.php\/wp-json\/wp\/v2\/pages\/2981"}],"collection":[{"href":"https:\/\/tennisclubsuceen.fr\/index.php\/wp-json\/wp\/v2\/pages"}],"about":[{"href":"https:\/\/tennisclubsuceen.fr\/index.php\/wp-json\/wp\/v2\/types\/page"}],"author":[{"embeddable":true,"href":"https:\/\/tennisclubsuceen.fr\/index.php\/wp-json\/wp\/v2\/users\/1"}],"replies":[{"embeddable":true,"href":"https:\/\/tennisclubsuceen.fr\/index.php\/wp-json\/wp\/v2\/comments?post=2981"}],"version-history":[{"count":2,"href":"https:\/\/tennisclubsuceen.fr\/index.php\/wp-json\/wp\/v2\/pages\/2981\/revisions"}],"predecessor-version":[{"id":2984,"href":"https:\/\/tennisclubsuceen.fr\/index.php\/wp-json\/wp\/v2\/pages\/2981\/revisions\/2984"}],"up":[{"embeddable":true,"href":"https:\/\/tennisclubsuceen.fr\/index.php\/wp-json\/wp\/v2\/pages\/9"}],"wp:attachment":[{"href":"https:\/\/tennisclubsuceen.fr\/index.php\/wp-json\/wp\/v2\/media?parent=2981"}],"curies":[{"name":"wp","href":"https:\/\/api.w.org\/{rel}","templated":true}]}}